{"id":18,"date":"2022-05-05T16:25:50","date_gmt":"2022-05-05T08:25:50","guid":{"rendered":"https:\/\/zyhktech.com\/?page_id=18"},"modified":"2022-05-05T22:49:39","modified_gmt":"2022-05-05T14:49:39","slug":"career","status":"publish","type":"page","link":"https:\/\/test.cntopus.com\/fr\/about-us\/career","title":{"rendered":"Carri\u00e8re"},"content":{"rendered":"<h2 class=\"s-careers-tit hidden-sm hidden-xs\">Pourquoi SANY<\/h2>\n<p>SANY a connu une croissance sans pr\u00e9c\u00e9dent au cours des deux derni\u00e8res d\u00e9cennies, ce qui est largement d\u00fb aux efforts persistants du personnel. C'est pourquoi nous nous effor\u00e7ons de garantir la satisfaction, la motivation et le d\u00e9veloppement personnel et professionnel de tous nos employ\u00e9s.<\/p>\n<p>SANY vise \u00e0 attirer les personnes les plus talentueuses et \u00e0 leur offrir de riches exp\u00e9riences professionnelles et des possibilit\u00e9s de d\u00e9veloppement de carri\u00e8re. En travaillant chez SANY, vous aurez l'occasion de travailler dans diff\u00e9rents lieux, de d\u00e9couvrir diff\u00e9rentes cultures et d'acqu\u00e9rir une vision globale.<\/p>\n<p>Join our team of more than 40,000 employees worldwide!<\/p>\n<h2 class=\"s-careers-tit-will col-md-12 col-sm-12 col-xs-12\">How will SANY benefit you?<\/h2>\n<div class=\"s-car-one col-md-6 col-sm-12 col-xs-12\">\n<div class=\"s-careers-how-abosu\"><\/div>\n<div class=\"s-careers-how\">\n<h3 class=\"hidden-sm hidden-xs\">D\u00e9veloppement de carri\u00e8re<\/h3>\n<p>Aider les employ\u00e9s \u00e0 r\u00e9ussir est l'un des principaux objectifs de la direction de SANY, qui s'efforce donc de faire en sorte que ses employ\u00e9s soient orient\u00e9s vers leur carri\u00e8re plut\u00f4t que vers leur travail.<\/p>\n<\/div>\n<\/div>\n<div class=\"s-car-one col-md-6 col-sm-12 col-xs-12\">\n<div class=\"s-careers-how-abosu\"><\/div>\n<div class=\"s-careers-how\">\n<h3 class=\"hidden-sm hidden-xs\">Formation des employ\u00e9s<\/h3>\n<p>SANY propose des programmes de formation complets, \u00e0 la fois en classe et en ligne, pour tous les employ\u00e9s, y compris la direction, les ing\u00e9nieurs de service, les vendeurs, en fonction de leurs propres exigences.<\/p>\n<\/div>\n<\/div>\n<div class=\"s-car-one col-md-6 col-sm-12 col-xs-12\">\n<div class=\"s-careers-how-abosu\"><\/div>\n<div class=\"s-careers-how\">\n<h3 class=\"hidden-sm hidden-xs\">Rotation des emplois<\/h3>\n<p>SANY offre des possibilit\u00e9s id\u00e9ales de rotation des postes au sein de votre d\u00e9partement ou de diff\u00e9rentes divisions. Si vous \u00eates qualifi\u00e9, nous serons toujours pr\u00eats \u00e0 vous offrir des opportunit\u00e9s de d\u00e9veloppement de carri\u00e8re.<\/p>\n<\/div>\n<\/div>\n<div class=\"s-car-one col-md-6 col-sm-12 col-xs-12\">\n<div class=\"s-careers-how-abosu\"><\/div>\n<div class=\"s-careers-how\">\n<h3 class=\"hidden-sm hidden-xs\">R\u00e9mun\u00e9ration et avantages<\/h3>\n<p>SANY offre localement des salaires et des primes comp\u00e9titifs, dont les montants sont li\u00e9s \u00e0 vos performances et au chiffre d'affaires annuel de l'entreprise.<\/p>\n<\/div>\n<\/div>","protected":false},"excerpt":{"rendered":"<p>Why SANY SANY has experienced unprecedented growth over the past two decades, which is largely credited to the personnel\u2019s persistent efforts. Therefore, we work to ensure the satisfaction, motivation, and personal and professional development of all our employees. SANY aims to attract the most talented individuals and offer them rich job experiences and career development [&hellip;]<\/p>\n","protected":false},"author":1,"featured_media":0,"parent":16,"menu_order":0,"comment_status":"closed","ping_status":"closed","template":"","meta":{"_acf_changed":false,"om_disable_all_campaigns":false,"_monsterinsights_skip_tracking":false,"_monsterinsights_sitenote_active":false,"_monsterinsights_sitenote_note":"","_monsterinsights_sitenote_category":0,"site-sidebar-layout":"default","site-content-layout":"default","ast-site-content-layout":"","site-content-style":"default","site-sidebar-style":"default","ast-global-header-display":"","ast-banner-title-visibility":"","ast-main-header-display":"","ast-hfb-above-header-display":"","ast-hfb-below-header-display":"","ast-hfb-mobile-header-display":"","site-post-title":"","ast-breadcrumbs-content":"","ast-featured-img":"","footer-sml-layout":"","theme-transparent-header-meta":"default","adv-header-id-meta":"","stick-header-meta":"default","header-above-stick-meta":"","header-main-stick-meta":"","header-below-stick-meta":"","astra-migrate-meta-layouts":"default","ast-page-background-enabled":"default","ast-page-background-meta":{"desktop":{"background-color":"var(--ast-global-color-4)","background-image":"","background-repeat":"repeat","background-position":"center center","background-size":"auto","background-attachment":"scroll","background-type":"","background-media":"","overlay-type":"","overlay-color":"","overlay-opacity":"","overlay-gradient":""},"tablet":{"background-color":"","background-image":"","background-repeat":"repeat","background-position":"center center","background-size":"auto","background-attachment":"scroll","background-type":"","background-media":"","overlay-type":"","overlay-color":"","overlay-opacity":"","overlay-gradient":""},"mobile":{"background-color":"","background-image":"","background-repeat":"repeat","background-position":"center center","background-size":"auto","background-attachment":"scroll","background-type":"","background-media":"","overlay-type":"","overlay-color":"","overlay-opacity":"","overlay-gradient":""}},"ast-content-background-meta":{"desktop":{"background-color":"var(--ast-global-color-5)","background-image":"","background-repeat":"repeat","background-position":"center center","background-size":"auto","background-attachment":"scroll","background-type":"","background-media":"","overlay-type":"","overlay-color":"","overlay-opacity":"","overlay-gradient":""},"tablet":{"background-color":"var(--ast-global-color-5)","background-image":"","background-repeat":"repeat","background-position":"center center","background-size":"auto","background-attachment":"scroll","background-type":"","background-media":"","overlay-type":"","overlay-color":"","overlay-opacity":"","overlay-gradient":""},"mobile":{"background-color":"var(--ast-global-color-5)","background-image":"","background-repeat":"repeat","background-position":"center center","background-size":"auto","background-attachment":"scroll","background-type":"","background-media":"","overlay-type":"","overlay-color":"","overlay-opacity":"","overlay-gradient":""}},"footnotes":""},"class_list":["post-18","page","type-page","status-publish","hentry"],"acf":[],"aioseo_notices":[],"_links":{"self":[{"href":"https:\/\/test.cntopus.com\/fr\/wp-json\/wp\/v2\/pages\/18","targetHints":{"allow":["GET"]}}],"collection":[{"href":"https:\/\/test.cntopus.com\/fr\/wp-json\/wp\/v2\/pages"}],"about":[{"href":"https:\/\/test.cntopus.com\/fr\/wp-json\/wp\/v2\/types\/page"}],"author":[{"embeddable":true,"href":"https:\/\/test.cntopus.com\/fr\/wp-json\/wp\/v2\/users\/1"}],"replies":[{"embeddable":true,"href":"https:\/\/test.cntopus.com\/fr\/wp-json\/wp\/v2\/comments?post=18"}],"version-history":[{"count":0,"href":"https:\/\/test.cntopus.com\/fr\/wp-json\/wp\/v2\/pages\/18\/revisions"}],"up":[{"embeddable":true,"href":"https:\/\/test.cntopus.com\/fr\/wp-json\/wp\/v2\/pages\/16"}],"wp:attachment":[{"href":"https:\/\/test.cntopus.com\/fr\/wp-json\/wp\/v2\/media?parent=18"}],"curies":[{"name":"wp","href":"https:\/\/api.w.org\/{rel}","templated":true}]}}