{"id":16,"date":"2022-05-05T16:25:38","date_gmt":"2022-05-05T08:25:38","guid":{"rendered":"https:\/\/zyhktech.com\/?page_id=16"},"modified":"2026-02-06T15:06:47","modified_gmt":"2026-02-06T07:06:47","slug":"about-us","status":"publish","type":"page","link":"https:\/\/test.cntopus.com\/fr\/about-us","title":{"rendered":"\u00c0 propos de nous"},"content":{"rendered":"<p>Situ\u00e9e \u00e0 Guangzhou, une ville industrielle prosp\u00e8re de Chine, notre soci\u00e9t\u00e9 est un fabricant professionnel sp\u00e9cialis\u00e9 dans la recherche, le d\u00e9veloppement et la production d'\u00e9quipements d'emballage tels que les machines de remplissage, les machines de bouchage, les machines de scellage et les machines d'\u00e9tiquetage. Avec plus de dix ans d'exp\u00e9rience dans le domaine des \u00e9quipements d'emballage, nous disposons d'une \u00e9quipe hautement qualifi\u00e9e et d'un syst\u00e8me de service complet englobant la conception, la fabrication, l'assemblage, les essais et la vente de lignes d'emballage.  Adh\u00e9rant aux principes d'int\u00e9grit\u00e9, de responsabilit\u00e9 et de qualit\u00e9, nos produits sont largement utilis\u00e9s dans les industries alimentaire, chimique, pharmaceutique et de produits de premi\u00e8re n\u00e9cessit\u00e9, aidant nos clients \u00e0 automatiser leur production et \u00e0 am\u00e9liorer leur efficacit\u00e9. Nos produits sont export\u00e9s dans le monde entier. Avec \u201cl'int\u00e9grit\u00e9 comme fondement et la qualit\u00e9 comme priorit\u00e9\u201d comme philosophie d'entreprise, tous nos employ\u00e9s invitent sinc\u00e8rement les amis et les partenaires commerciaux du pays et de l'\u00e9tranger \u00e0 nous rendre visite, \u00e0 coop\u00e9rer sinc\u00e8rement et \u00e0 cr\u00e9er ensemble un avenir plus radieux.<\/p>","protected":false},"excerpt":{"rendered":"<p>Located in Guangzhou, a thriving industrial city in China, our company is a professional manufacturer specializing in the research, development, and production of packaging equipment such as filling machines, capping machines, sealing machines, and labeling machines. With over ten years of experience in the packaging equipment field, we boast a highly skilled team and a [&hellip;]<\/p>\n","protected":false},"author":1,"featured_media":0,"parent":0,"menu_order":0,"comment_status":"closed","ping_status":"closed","template":"","meta":{"_acf_changed":false,"om_disable_all_campaigns":false,"_monsterinsights_skip_tracking":false,"_monsterinsights_sitenote_active":false,"_monsterinsights_sitenote_note":"","_monsterinsights_sitenote_category":0,"site-sidebar-layout":"default","site-content-layout":"default","ast-site-content-layout":"default","site-content-style":"default","site-sidebar-style":"default","ast-global-header-display":"","ast-banner-title-visibility":"","ast-main-header-display":"","ast-hfb-above-header-display":"","ast-hfb-below-header-display":"","ast-hfb-mobile-header-display":"","site-post-title":"","ast-breadcrumbs-content":"","ast-featured-img":"","footer-sml-layout":"","theme-transparent-header-meta":"default","adv-header-id-meta":"","stick-header-meta":"default","header-above-stick-meta":"","header-main-stick-meta":"","header-below-stick-meta":"","astra-migrate-meta-layouts":"set","ast-page-background-enabled":"default","ast-page-background-meta":{"desktop":{"background-color":"var(--ast-global-color-4)","background-image":"","background-repeat":"repeat","background-position":"center center","background-size":"auto","background-attachment":"scroll","background-type":"","background-media":"","overlay-type":"","overlay-color":"","overlay-opacity":"","overlay-gradient":""},"tablet":{"background-color":"","background-image":"","background-repeat":"repeat","background-position":"center center","background-size":"auto","background-attachment":"scroll","background-type":"","background-media":"","overlay-type":"","overlay-color":"","overlay-opacity":"","overlay-gradient":""},"mobile":{"background-color":"","background-image":"","background-repeat":"repeat","background-position":"center center","background-size":"auto","background-attachment":"scroll","background-type":"","background-media":"","overlay-type":"","overlay-color":"","overlay-opacity":"","overlay-gradient":""}},"ast-content-background-meta":{"desktop":{"background-color":"var(--ast-global-color-5)","background-image":"","background-repeat":"repeat","background-position":"center center","background-size":"auto","background-attachment":"scroll","background-type":"","background-media":"","overlay-type":"","overlay-color":"","overlay-opacity":"","overlay-gradient":""},"tablet":{"background-color":"var(--ast-global-color-5)","background-image":"","background-repeat":"repeat","background-position":"center center","background-size":"auto","background-attachment":"scroll","background-type":"","background-media":"","overlay-type":"","overlay-color":"","overlay-opacity":"","overlay-gradient":""},"mobile":{"background-color":"var(--ast-global-color-5)","background-image":"","background-repeat":"repeat","background-position":"center center","background-size":"auto","background-attachment":"scroll","background-type":"","background-media":"","overlay-type":"","overlay-color":"","overlay-opacity":"","overlay-gradient":""}},"footnotes":""},"class_list":["post-16","page","type-page","status-publish","hentry"],"acf":[],"aioseo_notices":[],"_links":{"self":[{"href":"https:\/\/test.cntopus.com\/fr\/wp-json\/wp\/v2\/pages\/16","targetHints":{"allow":["GET"]}}],"collection":[{"href":"https:\/\/test.cntopus.com\/fr\/wp-json\/wp\/v2\/pages"}],"about":[{"href":"https:\/\/test.cntopus.com\/fr\/wp-json\/wp\/v2\/types\/page"}],"author":[{"embeddable":true,"href":"https:\/\/test.cntopus.com\/fr\/wp-json\/wp\/v2\/users\/1"}],"replies":[{"embeddable":true,"href":"https:\/\/test.cntopus.com\/fr\/wp-json\/wp\/v2\/comments?post=16"}],"version-history":[{"count":1,"href":"https:\/\/test.cntopus.com\/fr\/wp-json\/wp\/v2\/pages\/16\/revisions"}],"predecessor-version":[{"id":906,"href":"https:\/\/test.cntopus.com\/fr\/wp-json\/wp\/v2\/pages\/16\/revisions\/906"}],"wp:attachment":[{"href":"https:\/\/test.cntopus.com\/fr\/wp-json\/wp\/v2\/media?parent=16"}],"curies":[{"name":"wp","href":"https:\/\/api.w.org\/{rel}","templated":true}]}}