{"id":18,"date":"2022-05-05T16:25:50","date_gmt":"2022-05-05T08:25:50","guid":{"rendered":"https:\/\/zyhktech.com\/?page_id=18"},"modified":"2022-05-05T22:49:39","modified_gmt":"2022-05-05T14:49:39","slug":"career","status":"publish","type":"page","link":"https:\/\/test.cntopus.com\/de\/about-us\/career","title":{"rendered":"Karriere"},"content":{"rendered":"<h2 class=\"s-careers-tit hidden-sm hidden-xs\">Warum SANY<\/h2>\n<p>SANY hat in den letzten zwei Jahrzehnten ein beispielloses Wachstum erlebt, das gr\u00f6\u00dftenteils den beharrlichen Bem\u00fchungen der Mitarbeiter zu verdanken ist. Daher arbeiten wir daran, die Zufriedenheit, Motivation und pers\u00f6nliche und berufliche Entwicklung aller unserer Mitarbeiter zu gew\u00e4hrleisten.<\/p>\n<p>SANY ist bestrebt, die talentiertesten Mitarbeiter anzuziehen und ihnen vielf\u00e4ltige Berufserfahrungen und berufliche Entwicklungsm\u00f6glichkeiten zu bieten. W\u00e4hrend Ihrer T\u00e4tigkeit bei SANY haben Sie die M\u00f6glichkeit, an verschiedenen Standorten zu arbeiten, unterschiedliche Kulturen kennenzulernen und eine globale Perspektive zu entwickeln.<\/p>\n<p>Join our team of more than 40,000 employees worldwide!<\/p>\n<h2 class=\"s-careers-tit-will col-md-12 col-sm-12 col-xs-12\">How will SANY benefit you?<\/h2>\n<div class=\"s-car-one col-md-6 col-sm-12 col-xs-12\">\n<div class=\"s-careers-how-abosu\"><\/div>\n<div class=\"s-careers-how\">\n<h3 class=\"hidden-sm hidden-xs\">Berufliche Entwicklung<\/h3>\n<p>Den Mitarbeitern zum Erfolg zu verhelfen, ist eines der Hauptziele des SANY-Managements. Daher ist SANY bestrebt, seine Mitarbeiter karriereorientiert zu halten, anstatt sie nur auf ihren Arbeitsplatz zu konzentrieren.<\/p>\n<\/div>\n<\/div>\n<div class=\"s-car-one col-md-6 col-sm-12 col-xs-12\">\n<div class=\"s-careers-how-abosu\"><\/div>\n<div class=\"s-careers-how\">\n<h3 class=\"hidden-sm hidden-xs\">Mitarbeiterschulung<\/h3>\n<p>SANY bietet umfassende Trainingsprogramme, sowohl in der Schule als auch online, f\u00fcr alle Mitarbeiter, einschlie\u00dflich des Managements, der Servicetechniker und der Vertriebsmitarbeiter, je nach ihren eigenen Anforderungen.<\/p>\n<\/div>\n<\/div>\n<div class=\"s-car-one col-md-6 col-sm-12 col-xs-12\">\n<div class=\"s-careers-how-abosu\"><\/div>\n<div class=\"s-careers-how\">\n<h3 class=\"hidden-sm hidden-xs\">Job-Rotation<\/h3>\n<p>SANY bietet ideale M\u00f6glichkeiten f\u00fcr eine Jobrotation innerhalb Ihrer Abteilung oder verschiedener Bereiche. Wenn Sie qualifiziert sind, sind wir immer bereit, Ihnen berufliche Entwicklungsm\u00f6glichkeiten zu bieten.<\/p>\n<\/div>\n<\/div>\n<div class=\"s-car-one col-md-6 col-sm-12 col-xs-12\">\n<div class=\"s-careers-how-abosu\"><\/div>\n<div class=\"s-careers-how\">\n<h3 class=\"hidden-sm hidden-xs\">Entlohnung &amp; Leistungen<\/h3>\n<p>SANY bietet lokal wettbewerbsf\u00e4hige Geh\u00e4lter und Pr\u00e4mien, deren H\u00f6he sich nach Ihrer Leistung und dem Jahresumsatz des Unternehmens richtet.<\/p>\n<\/div>\n<\/div>","protected":false},"excerpt":{"rendered":"<p>Why SANY SANY has experienced unprecedented growth over the past two decades, which is largely credited to the personnel\u2019s persistent efforts. Therefore, we work to ensure the satisfaction, motivation, and personal and professional development of all our employees. SANY aims to attract the most talented individuals and offer them rich job experiences and career development [&hellip;]<\/p>\n","protected":false},"author":1,"featured_media":0,"parent":16,"menu_order":0,"comment_status":"closed","ping_status":"closed","template":"","meta":{"_acf_changed":false,"om_disable_all_campaigns":false,"_monsterinsights_skip_tracking":false,"_monsterinsights_sitenote_active":false,"_monsterinsights_sitenote_note":"","_monsterinsights_sitenote_category":0,"site-sidebar-layout":"default","site-content-layout":"default","ast-site-content-layout":"","site-content-style":"default","site-sidebar-style":"default","ast-global-header-display":"","ast-banner-title-visibility":"","ast-main-header-display":"","ast-hfb-above-header-display":"","ast-hfb-below-header-display":"","ast-hfb-mobile-header-display":"","site-post-title":"","ast-breadcrumbs-content":"","ast-featured-img":"","footer-sml-layout":"","theme-transparent-header-meta":"default","adv-header-id-meta":"","stick-header-meta":"default","header-above-stick-meta":"","header-main-stick-meta":"","header-below-stick-meta":"","astra-migrate-meta-layouts":"default","ast-page-background-enabled":"default","ast-page-background-meta":{"desktop":{"background-color":"var(--ast-global-color-4)","background-image":"","background-repeat":"repeat","background-position":"center center","background-size":"auto","background-attachment":"scroll","background-type":"","background-media":"","overlay-type":"","overlay-color":"","overlay-opacity":"","overlay-gradient":""},"tablet":{"background-color":"","background-image":"","background-repeat":"repeat","background-position":"center center","background-size":"auto","background-attachment":"scroll","background-type":"","background-media":"","overlay-type":"","overlay-color":"","overlay-opacity":"","overlay-gradient":""},"mobile":{"background-color":"","background-image":"","background-repeat":"repeat","background-position":"center center","background-size":"auto","background-attachment":"scroll","background-type":"","background-media":"","overlay-type":"","overlay-color":"","overlay-opacity":"","overlay-gradient":""}},"ast-content-background-meta":{"desktop":{"background-color":"var(--ast-global-color-5)","background-image":"","background-repeat":"repeat","background-position":"center center","background-size":"auto","background-attachment":"scroll","background-type":"","background-media":"","overlay-type":"","overlay-color":"","overlay-opacity":"","overlay-gradient":""},"tablet":{"background-color":"var(--ast-global-color-5)","background-image":"","background-repeat":"repeat","background-position":"center center","background-size":"auto","background-attachment":"scroll","background-type":"","background-media":"","overlay-type":"","overlay-color":"","overlay-opacity":"","overlay-gradient":""},"mobile":{"background-color":"var(--ast-global-color-5)","background-image":"","background-repeat":"repeat","background-position":"center center","background-size":"auto","background-attachment":"scroll","background-type":"","background-media":"","overlay-type":"","overlay-color":"","overlay-opacity":"","overlay-gradient":""}},"footnotes":""},"class_list":["post-18","page","type-page","status-publish","hentry"],"acf":[],"aioseo_notices":[],"_links":{"self":[{"href":"https:\/\/test.cntopus.com\/de\/wp-json\/wp\/v2\/pages\/18","targetHints":{"allow":["GET"]}}],"collection":[{"href":"https:\/\/test.cntopus.com\/de\/wp-json\/wp\/v2\/pages"}],"about":[{"href":"https:\/\/test.cntopus.com\/de\/wp-json\/wp\/v2\/types\/page"}],"author":[{"embeddable":true,"href":"https:\/\/test.cntopus.com\/de\/wp-json\/wp\/v2\/users\/1"}],"replies":[{"embeddable":true,"href":"https:\/\/test.cntopus.com\/de\/wp-json\/wp\/v2\/comments?post=18"}],"version-history":[{"count":0,"href":"https:\/\/test.cntopus.com\/de\/wp-json\/wp\/v2\/pages\/18\/revisions"}],"up":[{"embeddable":true,"href":"https:\/\/test.cntopus.com\/de\/wp-json\/wp\/v2\/pages\/16"}],"wp:attachment":[{"href":"https:\/\/test.cntopus.com\/de\/wp-json\/wp\/v2\/media?parent=18"}],"curies":[{"name":"wp","href":"https:\/\/api.w.org\/{rel}","templated":true}]}}